{"id":114,"date":"2022-04-06T14:51:49","date_gmt":"2022-04-06T14:51:49","guid":{"rendered":"https:\/\/ledproedu.com\/store\/?post_type=product&#038;p=114"},"modified":"2022-04-16T17:23:25","modified_gmt":"2022-04-16T17:23:25","slug":"renovacion-credenciales","status":"publish","type":"product","link":"https:\/\/ledproedu.com\/store\/product\/renovacion-credenciales\/","title":{"rendered":"RENOVACION CREDENCIALES"},"content":{"rendered":"<p>Renovar sus credenciales con EGMI es de suma importancia. Tener sus credenciales al d\u00eda tambi\u00e9n representa que usted permanece activo en el ministerio, que se ha estado capacitando y cuenta con el apoyo y respaldo de EGMI<\/p>\n<p><strong>*NOS RESERVAMOS EL DERECHO DE RENOVACI\u00d3N. * CONSULTE PRIMERO CON SU CORDINADOR DE EGMI Y ASEGURESE QUE ES TANTO TIEMPO DE RENOVAR SU CREDENCIAL, COMO CONDICIONES Y NOVEDADES. Despu\u00e9s de hecho el pago, y si no aplicaba para renovar, ni es apto para renovaci\u00f3n, NO HAY DEVOLUCI\u00d3N del dinero.<\/strong><\/p>\n<p>Tenga en cuenta tambi\u00e9n no estar en ning\u00fan proceso de disciplina por parte de su congregaci\u00f3n local, ni con el ministerio EGMI<\/p>\n","protected":false},"excerpt":{"rendered":"<p>Renovar sus credenciales con EGMI es de suma importancia&#8230; continuar leyendo<\/p>\n","protected":false},"featured_media":159,"comment_status":"open","ping_status":"closed","template":"","meta":{"site-sidebar-layout":"default","site-content-layout":"default","ast-main-header-display":"","ast-hfb-above-header-display":"","ast-hfb-below-header-display":"","ast-hfb-mobile-header-display":"","site-post-title":"","ast-breadcrumbs-content":"","ast-featured-img":"","footer-sml-layout":"","theme-transparent-header-meta":"default","adv-header-id-meta":"","stick-header-meta":"","header-above-stick-meta":"","header-main-stick-meta":"","header-below-stick-meta":"","spay_email":""},"product_cat":[21],"product_tag":[23,24,22],"class_list":["post-114","product","type-product","status-publish","has-post-thumbnail","hentry","product_cat-others","product_tag-capellan","product_tag-chaplain","product_tag-credenciales"],"_links":{"self":[{"href":"https:\/\/ledproedu.com\/store\/wp-json\/wp\/v2\/product\/114","targetHints":{"allow":["GET"]}}],"collection":[{"href":"https:\/\/ledproedu.com\/store\/wp-json\/wp\/v2\/product"}],"about":[{"href":"https:\/\/ledproedu.com\/store\/wp-json\/wp\/v2\/types\/product"}],"replies":[{"embeddable":true,"href":"https:\/\/ledproedu.com\/store\/wp-json\/wp\/v2\/comments?post=114"}],"version-history":[{"count":6,"href":"https:\/\/ledproedu.com\/store\/wp-json\/wp\/v2\/product\/114\/revisions"}],"predecessor-version":[{"id":165,"href":"https:\/\/ledproedu.com\/store\/wp-json\/wp\/v2\/product\/114\/revisions\/165"}],"wp:featuredmedia":[{"embeddable":true,"href":"https:\/\/ledproedu.com\/store\/wp-json\/wp\/v2\/media\/159"}],"wp:attachment":[{"href":"https:\/\/ledproedu.com\/store\/wp-json\/wp\/v2\/media?parent=114"}],"wp:term":[{"taxonomy":"product_cat","embeddable":true,"href":"https:\/\/ledproedu.com\/store\/wp-json\/wp\/v2\/product_cat?post=114"},{"taxonomy":"product_tag","embeddable":true,"href":"https:\/\/ledproedu.com\/store\/wp-json\/wp\/v2\/product_tag?post=114"}],"curies":[{"name":"wp","href":"https:\/\/api.w.org\/{rel}","templated":true}]}}